{"id":964,"date":"2023-03-06T14:08:11","date_gmt":"2023-03-06T17:08:11","guid":{"rendered":"https:\/\/edtalomas-bue.infd.edu.ar\/sitio\/?page_id=964"},"modified":"2026-03-13T17:55:43","modified_gmt":"2026-03-13T20:55:43","slug":"preceptoria","status":"publish","type":"page","link":"https:\/\/edtalomas-bue.infd.edu.ar\/sitio\/preceptoria\/","title":{"rendered":"PRECEPTOR\u00cdA"},"content":{"rendered":"\n<p class=\"has-contrast-3-background-color has-background\"><strong>SOLICITUD DE PORCENTAJE DE MATERIAS<\/strong>: <\/p>\n\n\n\n<p>Atenci\u00f3n!! no deben solicitar acceso de edici\u00f3n, sino descargar el archivo. <\/p>\n\n\n\n<p>Formularios de descarga:<\/p>\n\n\n\n<p>Para EXPRESI\u00d3N CORPORAL: <a href=\"https:\/\/docs.google.com\/document\/d\/1MS_P3KG9uh1xC5WlDA28Dt_1HjXfLqkq\/edit?usp=share_link&amp;ouid=113905515639640499388&amp;rtpof=true&amp;sd=true\">https:\/\/docs.google.com\/document\/d\/1MS_P3KG9uh1xC5WlDA28Dt_1HjXfLqkq\/edit?usp=share_link&amp;ouid=113905515639640499388&amp;rtpof=true&amp;sd=true<\/a> <\/p>\n\n\n\n<p>Para DANZAS FOLKL\u00d3RICAS:<a href=\" https:\/\/docs.google.com\/document\/d\/1SbicMnyrUDdcQoNKffJEQmrkHH9MhMiO\/edit?usp=share_link&amp;ouid=113905515639640499388&amp;rtpof=true&amp;sd=true\"> https:\/\/docs.google.com\/document\/d\/1SbicMnyrUDdcQoNKffJEQmrkHH9MhMiO\/edit?usp=share_link&amp;ouid=113905515639640499388&amp;rtpof=true&amp;sd=true<\/a> <\/p>\n\n\n\n<p><\/p>\n\n\n\n<p class=\"has-contrast-3-background-color has-background\"><strong>SOLICITUD DE EQUIVALENCIAS<\/strong>:<\/p>\n\n\n\n<p><strong><br>LA SOLICITUD SE PODR\u00c1 REALIZAR HASTA EL 17 DE ABRIL DEL 2026 DE FORMA PRESENCIAL EN LA EDTA.<\/strong><\/p>\n\n\n\n<p>RECIBIR\u00c1 LA DOCUMENTACI\u00d3N LA PRECEPTORA NATALIA LOS D\u00cdAS LUNES, MARTES Y VIERNES DE 18 A 21 HS. MI\u00c9RCOLES Y JUEVES DE 8 A 11 HS<\/p>\n\n\n\n<p><strong>FORMULARIO EN BLANCO: <a href=\"https:\/\/drive.google.com\/file\/d\/169mTnVX7Xz7G3TpzK0aNcNGMnYon6tQo\/view?usp=share_link\">DESCARGAR AQU\u00cd <\/a>Y TRAER COMPLETO A SECRETAR\u00cdA.<\/strong><br>Se deber\u00e1 acompa\u00f1ar la solicitud con el certificado de estudios realizados y el\/los programa\/s, en el\/los que conste a\u00f1o, carga horaria, contenidos y bibliograf\u00eda, de la\/las unidad\/es curricular\/es en el\/las que solicita equivalencia.<br>La documentaci\u00f3n deber\u00e1 presentarse debidamente certificada.<br>Se podr\u00e1n acreditar Unidades Curriculares mediante el r\u00e9gimen de equivalencia que podr\u00e1n comprender la Unidad Curricular completa o una parte de la misma (equivalencia parcial). En este caso, de ser necesario, se implementar\u00e1 un trayecto de actualizaci\u00f3n de saberes.<br>No olvides CURSAR la materia cuya aprobaci\u00f3n solicit\u00e1s por equivalencia, hasta tanto se te confirme fehacientemente que se te otorga lo solicitado.<\/p>\n\n\n\n<p><strong><mark style=\"background-color:var(--contrast-3)\" class=\"has-inline-color has-contrast-color\">MAILS DE CONTACTO POR CARRERA Y TURNO:<\/mark><\/strong><\/p>\n\n\n\n<p>DANZAS FOLKL\u00d3RICAS TM: edtaconsultasfolkloretm@gmail.com<\/p>\n\n\n\n<p>DANZAS FOLKL\u00d3RICAS TT: edtaconsultasfolklorett@gmail.com <\/p>\n\n\n\n<p>DANZAS FOLKLORICAS TV: edtaconsultasfolkloretv@gmail.com  <\/p>\n\n\n\n<p>EXPRESI\u00d3N CORPORAL: edtaconsultasexpresiontm@gmail.com  <\/p>\n\n\n\n<p>DANZAS CONTEMPOR\u00c1NEAS: edtaconsultascontempo@gmail.com  <\/p>\n\n\n\n<p>TECNICATURA DE TANGO: edtaconsultastecnicaturatango@gmail.com <\/p>\n\n\n\n<figure class=\"wp-block-gallery has-nested-images columns-default is-cropped wp-block-gallery-1 is-layout-flex\"><\/figure>\n","protected":false},"excerpt":{"rendered":"<p>SOLICITUD DE PORCENTAJE DE MATERIAS: Atenci\u00f3n!! no deben solicitar acceso de edici\u00f3n, sino descargar el archivo. Formularios de descarga: Para EXPRESI\u00d3N CORPORAL: https:\/\/docs.google.com\/document\/d\/1MS_P3KG9uh1xC5WlDA28Dt_1HjXfLqkq\/edit?usp=share_link&amp;ouid=113905515639640499388&amp;rtpof=true&amp;sd=true Para DANZAS FOLKL\u00d3RICAS: https:\/\/docs.google.com\/document\/d\/1SbicMnyrUDdcQoNKffJEQmrkHH9MhMiO\/edit?usp=share_link&amp;ouid=113905515639640499388&amp;rtpof=true&amp;sd=true SOLICITUD DE EQUIVALENCIAS: LA SOLICITUD SE PODR\u00c1 REALIZAR HASTA EL 17 DE ABRIL DEL 2026 DE FORMA PRESENCIAL EN LA EDTA. RECIBIR\u00c1 LA DOCUMENTACI\u00d3N LA PRECEPTORA NATALIA LOS &#8230; <a title=\"PRECEPTOR\u00cdA\" class=\"read-more\" href=\"https:\/\/edtalomas-bue.infd.edu.ar\/sitio\/preceptoria\/\" aria-label=\"M\u00e1s en PRECEPTOR\u00cdA\">[+]<\/a><\/p>\n","protected":false},"author":16,"featured_media":0,"parent":0,"menu_order":0,"comment_status":"closed","ping_status":"closed","template":"","meta":[],"acf":[],"_links":{"self":[{"href":"https:\/\/edtalomas-bue.infd.edu.ar\/sitio\/wp-json\/wp\/v2\/pages\/964"}],"collection":[{"href":"https:\/\/edtalomas-bue.infd.edu.ar\/sitio\/wp-json\/wp\/v2\/pages"}],"about":[{"href":"https:\/\/edtalomas-bue.infd.edu.ar\/sitio\/wp-json\/wp\/v2\/types\/page"}],"author":[{"embeddable":true,"href":"https:\/\/edtalomas-bue.infd.edu.ar\/sitio\/wp-json\/wp\/v2\/users\/16"}],"replies":[{"embeddable":true,"href":"https:\/\/edtalomas-bue.infd.edu.ar\/sitio\/wp-json\/wp\/v2\/comments?post=964"}],"version-history":[{"count":9,"href":"https:\/\/edtalomas-bue.infd.edu.ar\/sitio\/wp-json\/wp\/v2\/pages\/964\/revisions"}],"predecessor-version":[{"id":2072,"href":"https:\/\/edtalomas-bue.infd.edu.ar\/sitio\/wp-json\/wp\/v2\/pages\/964\/revisions\/2072"}],"wp:attachment":[{"href":"https:\/\/edtalomas-bue.infd.edu.ar\/sitio\/wp-json\/wp\/v2\/media?parent=964"}],"curies":[{"name":"wp","href":"https:\/\/api.w.org\/{rel}","templated":true}]}}