{"id":685,"date":"2018-07-25T15:06:42","date_gmt":"2018-07-25T18:06:42","guid":{"rendered":"https:\/\/edtalomas-bue.infd.edu.ar\/sitio\/?page_id=685"},"modified":"2023-09-18T20:10:13","modified_gmt":"2023-09-18T23:10:13","slug":"autoridades","status":"publish","type":"page","link":"https:\/\/edtalomas-bue.infd.edu.ar\/sitio\/institucional\/autoridades\/","title":{"rendered":"Autoridades"},"content":{"rendered":"<h3><span data-mce-mark=\"1\"><strong>DIRECCI\u00d3N<\/strong><\/span><\/h3>\n<p><strong>Mtr. Nancy Carpinelli<\/strong><\/p>\n<h3><strong>VICEDIRECCI\u00d3N<\/strong><\/h3>\n<p><b>Lic. Anah\u00ed Ponce Carpinelli<\/b><\/p>\n<h3><strong>SECRETAR\u00cdA<\/strong><\/h3>\n<p><strong>Prof. Fabi\u00e1n Casuscelli<\/strong><\/p>\n<h3><strong>JEFAS DE \u00c1REA<\/strong><\/h3>\n<p>Gabriela Boffa (Expresi\u00f3n Corporal y Tecnicatura en Interpretaci\u00f3n y Coreograf\u00eda de Tango)<\/p>\n<p>Maria Florencia Battagliero ( Profesorado de Danzas Folkl\u00f3ricas)<\/p>\n","protected":false},"excerpt":{"rendered":"<p>DIRECCI\u00d3N Mtr. Nancy Carpinelli VICEDIRECCI\u00d3N Lic. Anah\u00ed Ponce Carpinelli SECRETAR\u00cdA Prof. Fabi\u00e1n Casuscelli JEFAS DE \u00c1REA Gabriela Boffa (Expresi\u00f3n Corporal y Tecnicatura en Interpretaci\u00f3n y Coreograf\u00eda de Tango) Maria Florencia Battagliero ( Profesorado de Danzas Folkl\u00f3ricas)<\/p>\n","protected":false},"author":6,"featured_media":0,"parent":683,"menu_order":0,"comment_status":"closed","ping_status":"closed","template":"","meta":[],"acf":[],"_links":{"self":[{"href":"https:\/\/edtalomas-bue.infd.edu.ar\/sitio\/wp-json\/wp\/v2\/pages\/685"}],"collection":[{"href":"https:\/\/edtalomas-bue.infd.edu.ar\/sitio\/wp-json\/wp\/v2\/pages"}],"about":[{"href":"https:\/\/edtalomas-bue.infd.edu.ar\/sitio\/wp-json\/wp\/v2\/types\/page"}],"author":[{"embeddable":true,"href":"https:\/\/edtalomas-bue.infd.edu.ar\/sitio\/wp-json\/wp\/v2\/users\/6"}],"replies":[{"embeddable":true,"href":"https:\/\/edtalomas-bue.infd.edu.ar\/sitio\/wp-json\/wp\/v2\/comments?post=685"}],"version-history":[{"count":9,"href":"https:\/\/edtalomas-bue.infd.edu.ar\/sitio\/wp-json\/wp\/v2\/pages\/685\/revisions"}],"predecessor-version":[{"id":1004,"href":"https:\/\/edtalomas-bue.infd.edu.ar\/sitio\/wp-json\/wp\/v2\/pages\/685\/revisions\/1004"}],"up":[{"embeddable":true,"href":"https:\/\/edtalomas-bue.infd.edu.ar\/sitio\/wp-json\/wp\/v2\/pages\/683"}],"wp:attachment":[{"href":"https:\/\/edtalomas-bue.infd.edu.ar\/sitio\/wp-json\/wp\/v2\/media?parent=685"}],"curies":[{"name":"wp","href":"https:\/\/api.w.org\/{rel}","templated":true}]}}