{"id":683,"date":"2018-07-25T15:06:14","date_gmt":"2018-07-25T18:06:14","guid":{"rendered":"https:\/\/edtalomas-bue.infd.edu.ar\/sitio\/?page_id=683"},"modified":"2024-11-07T14:34:02","modified_gmt":"2024-11-07T17:34:02","slug":"institucional","status":"publish","type":"page","link":"https:\/\/edtalomas-bue.infd.edu.ar\/sitio\/institucional\/","title":{"rendered":"El Instituto"},"content":{"rendered":"\n<p>La Escuela de Danzas Tradicionales Argentinas de Lomas de Zamora es una Instituci\u00f3n p\u00fablica de Nivel Terciario, dependiente de la Direcci\u00f3n de Educaci\u00f3n Art\u00edstica de la Provincia de Buenos Aires. Se capacita para el ejercicio de la docencia con impacto en Educaci\u00f3n Inicial, Primaria y Secundaria en la especialidad Danzas Folkl\u00f3ricas, Expresi\u00f3n corporal y Danzas Contempor\u00e1neas. Las titulaciones son Nacionales y oficiales. Tambi\u00e9n se dicta en la Instituci\u00f3n la Carrera \u00abTecnicatura Superior en interpretaci\u00f3n y coreograf\u00eda de Tango\u00bb, \u00fanica con t\u00edtulo oficial en la Provincia de Buenos Aires.<\/p>\n\n\n\n<p>Para los interesados\/as que no quieran seguir una carrera docente o t\u00e9cnica la Instituci\u00f3n ofrece talleres de extensi\u00f3n comunitaria totalmente gratuitos.<\/p>\n\n\n\n<p>Seguinos en las Redes Sociales:<\/p>\n\n\n\n<p>Facebook: \u00abEscuela de Danzas Tradicionales Argentinas de Lomas de Zamora\u00bb<\/p>\n\n\n\n<p>Instagram: @edtalomasdezamora <\/p>\n","protected":false},"excerpt":{"rendered":"<p>La Escuela de Danzas Tradicionales Argentinas de Lomas de Zamora es una Instituci\u00f3n p\u00fablica de Nivel Terciario, dependiente de la Direcci\u00f3n de Educaci\u00f3n Art\u00edstica de la Provincia de Buenos Aires. Se capacita para el ejercicio de la docencia con impacto en Educaci\u00f3n Inicial, Primaria y Secundaria en la especialidad Danzas Folkl\u00f3ricas, Expresi\u00f3n corporal y Danzas &#8230; <a title=\"El Instituto\" class=\"read-more\" href=\"https:\/\/edtalomas-bue.infd.edu.ar\/sitio\/institucional\/\" aria-label=\"M\u00e1s en El Instituto\">[+]<\/a><\/p>\n","protected":false},"author":6,"featured_media":0,"parent":0,"menu_order":0,"comment_status":"closed","ping_status":"closed","template":"","meta":[],"acf":[],"_links":{"self":[{"href":"https:\/\/edtalomas-bue.infd.edu.ar\/sitio\/wp-json\/wp\/v2\/pages\/683"}],"collection":[{"href":"https:\/\/edtalomas-bue.infd.edu.ar\/sitio\/wp-json\/wp\/v2\/pages"}],"about":[{"href":"https:\/\/edtalomas-bue.infd.edu.ar\/sitio\/wp-json\/wp\/v2\/types\/page"}],"author":[{"embeddable":true,"href":"https:\/\/edtalomas-bue.infd.edu.ar\/sitio\/wp-json\/wp\/v2\/users\/6"}],"replies":[{"embeddable":true,"href":"https:\/\/edtalomas-bue.infd.edu.ar\/sitio\/wp-json\/wp\/v2\/comments?post=683"}],"version-history":[{"count":8,"href":"https:\/\/edtalomas-bue.infd.edu.ar\/sitio\/wp-json\/wp\/v2\/pages\/683\/revisions"}],"predecessor-version":[{"id":1091,"href":"https:\/\/edtalomas-bue.infd.edu.ar\/sitio\/wp-json\/wp\/v2\/pages\/683\/revisions\/1091"}],"wp:attachment":[{"href":"https:\/\/edtalomas-bue.infd.edu.ar\/sitio\/wp-json\/wp\/v2\/media?parent=683"}],"curies":[{"name":"wp","href":"https:\/\/api.w.org\/{rel}","templated":true}]}}