{"id":644,"date":"2018-06-18T14:12:35","date_gmt":"2018-06-18T17:12:35","guid":{"rendered":"https:\/\/edtalomas-bue.infd.edu.ar\/sitio\/?page_id=644"},"modified":"2025-03-26T15:57:48","modified_gmt":"2025-03-26T18:57:48","slug":"oferta-academica","status":"publish","type":"page","link":"https:\/\/edtalomas-bue.infd.edu.ar\/sitio\/oferta-academica\/","title":{"rendered":"Oferta Acad\u00e9mica"},"content":{"rendered":"\n<p>OFERTA ACAD\u00c9MICA ACTUAL: <\/p>\n\n\n\n<figure class=\"wp-block-embed is-type-video is-provider-youtube wp-block-embed-youtube wp-embed-aspect-16-9 wp-has-aspect-ratio\"><div class=\"wp-block-embed__wrapper\">\n<iframe loading=\"lazy\" title=\"EDTA  Institucional &quot;Escuela de Danzas Tradicionales Argentinas de Lomas de Zamora&quot;\" width=\"1200\" height=\"675\" src=\"https:\/\/www.youtube.com\/embed\/xdy3nWgagAI?feature=oembed\" frameborder=\"0\" allow=\"accelerometer; autoplay; clipboard-write; encrypted-media; gyroscope; picture-in-picture; web-share\" referrerpolicy=\"strict-origin-when-cross-origin\" allowfullscreen><\/iframe>\n<\/div><\/figure>\n\n\n\n<pre class=\"wp-block-preformatted\"><a href=\"https:\/\/edtalomas-bue.infd.edu.ar\/sitio\/oferta-academica\/profesorado-de-danzas-folkloricas\/?preview=true\" data-type=\"URL\" data-id=\"https:\/\/edtalomas-bue.infd.edu.ar\/sitio\/oferta-academica\/profesorado-de-danzas-folkloricas\/?preview=true\">Profesorado de Danza Con Orientaci\u00f3n en Danzas Folkl\u00f3ricas<\/a><\/pre>\n\n\n\n<pre class=\"wp-block-preformatted\"><a href=\"https:\/\/edtalomas-bue.infd.edu.ar\/sitio\/catalogo\/profesorado-de-danza-con-orientacion-en-expresion-corporal\/\">Profesorado de Danza con Orientaci\u00f3n en Expresi\u00f3n Corporal<\/a><\/pre>\n\n\n\n<pre class=\"wp-block-preformatted\"><a href=\"https:\/\/edtalomas-bue.infd.edu.ar\/sitio\/catalogo\/tecnicatura-superior-en-interpretacion-y-coreografia-de-tango\/\">Tecnicatura Superior en Interpretaci\u00f3n y Coreograf\u00eda de Tango<\/a><\/pre>\n\n\n\n<pre class=\"wp-block-preformatted\"><a href=\"https:\/\/edtalomas-bue.infd.edu.ar\/sitio\/catalogo\/profesorado-de-danzas-contemporaneas\/\">Profesorado de Danzas Contempor\u00e1neas<\/a><\/pre>\n","protected":false},"excerpt":{"rendered":"<p>OFERTA ACAD\u00c9MICA ACTUAL: Profesorado de Danza Con Orientaci\u00f3n en Danzas Folkl\u00f3ricas Profesorado de Danza con Orientaci\u00f3n en Expresi\u00f3n Corporal Tecnicatura Superior en Interpretaci\u00f3n y Coreograf\u00eda de Tango Profesorado de Danzas Contempor\u00e1neas<\/p>\n","protected":false},"author":1,"featured_media":0,"parent":0,"menu_order":0,"comment_status":"closed","ping_status":"closed","template":"","meta":[],"acf":[],"_links":{"self":[{"href":"https:\/\/edtalomas-bue.infd.edu.ar\/sitio\/wp-json\/wp\/v2\/pages\/644"}],"collection":[{"href":"https:\/\/edtalomas-bue.infd.edu.ar\/sitio\/wp-json\/wp\/v2\/pages"}],"about":[{"href":"https:\/\/edtalomas-bue.infd.edu.ar\/sitio\/wp-json\/wp\/v2\/types\/page"}],"author":[{"embeddable":true,"href":"https:\/\/edtalomas-bue.infd.edu.ar\/sitio\/wp-json\/wp\/v2\/users\/1"}],"replies":[{"embeddable":true,"href":"https:\/\/edtalomas-bue.infd.edu.ar\/sitio\/wp-json\/wp\/v2\/comments?post=644"}],"version-history":[{"count":14,"href":"https:\/\/edtalomas-bue.infd.edu.ar\/sitio\/wp-json\/wp\/v2\/pages\/644\/revisions"}],"predecessor-version":[{"id":1133,"href":"https:\/\/edtalomas-bue.infd.edu.ar\/sitio\/wp-json\/wp\/v2\/pages\/644\/revisions\/1133"}],"wp:attachment":[{"href":"https:\/\/edtalomas-bue.infd.edu.ar\/sitio\/wp-json\/wp\/v2\/media?parent=644"}],"curies":[{"name":"wp","href":"https:\/\/api.w.org\/{rel}","templated":true}]}}