{"id":286,"date":"2016-10-31T13:17:59","date_gmt":"2016-10-31T16:17:59","guid":{"rendered":"https:\/\/edtalomas-bue.infd.edu.ar\/sitio\/?page_id=286"},"modified":"2022-08-11T17:28:48","modified_gmt":"2022-08-11T20:28:48","slug":"escuela-de-danzas-tradicionales-de-lomas-de-zamora-prof-mario-c-lopez","status":"publish","type":"page","link":"https:\/\/edtalomas-bue.infd.edu.ar\/sitio\/","title":{"rendered":"ESCUELA DE DANZAS TRADICIONALES DE LOMAS DE ZAMORA \u00abProf. Mario C. L\u00f3pez\u00bb"},"content":{"rendered":"<p>La Escuela de Danzas Tradicionales Argentinas de Lomas de Zamora es una Instituci\u00f3n p\u00fablica de Nivel Terciario, dependiente de la Direcci\u00f3n de Educaci\u00f3n Art\u00edstica de la Provincia de Buenos Aires. Se capacita para el ejercicio de la docencia con impacto en Educaci\u00f3n Inicial, Primaria y Secundaria en la especialidad Danzas Folkl\u00f3ricas y Expresi\u00f3n corporal. Las titulaciones son Nacionales y oficiales. Tambi\u00e9n se dicta en la Instituci\u00f3n la Carrera \u00abTecnicatura Superior en interpretaci\u00f3n y coreograf\u00eda de Tango\u00bb, \u00fanica con t\u00edtulo oficial en la Provincia de Buenos Aires.<\/p>\n<p>Para los interesados que no quieran seguir una carrera docente o t\u00e9cnica la Instituci\u00f3n ofrece talleres de extensi\u00f3n comunitaria totalmente gratuitos.<\/p>\n<p>\u00a0<img decoding=\"async\" loading=\"lazy\" class=\"size-full wp-image-812 aligncenter\" src=\"https:\/\/edtalomas-bue.infd.edu.ar\/sitio\/wp-content\/uploads\/2022\/03\/escudo-edta1.jpg\" alt=\"\" width=\"258\" height=\"320\" \/><\/p>\n<p>&nbsp;<\/p>\n","protected":false},"excerpt":{"rendered":"<p>La Escuela de Danzas Tradicionales Argentinas de Lomas de Zamora es una Instituci\u00f3n p\u00fablica de Nivel Terciario, dependiente de la Direcci\u00f3n de Educaci\u00f3n Art\u00edstica de la Provincia de Buenos Aires. Se capacita para el ejercicio de la docencia con impacto en Educaci\u00f3n Inicial, Primaria y Secundaria en la especialidad Danzas Folkl\u00f3ricas y Expresi\u00f3n corporal. Las &#8230; <a title=\"ESCUELA DE DANZAS TRADICIONALES DE LOMAS DE ZAMORA \u00abProf. Mario C. L\u00f3pez\u00bb\" class=\"read-more\" href=\"https:\/\/edtalomas-bue.infd.edu.ar\/sitio\/\" aria-label=\"M\u00e1s en ESCUELA DE DANZAS TRADICIONALES DE LOMAS DE ZAMORA \u00abProf. Mario C. L\u00f3pez\u00bb\">[+]<\/a><\/p>\n","protected":false},"author":1,"featured_media":0,"parent":298,"menu_order":0,"comment_status":"closed","ping_status":"closed","template":"","meta":[],"acf":[],"_links":{"self":[{"href":"https:\/\/edtalomas-bue.infd.edu.ar\/sitio\/wp-json\/wp\/v2\/pages\/286"}],"collection":[{"href":"https:\/\/edtalomas-bue.infd.edu.ar\/sitio\/wp-json\/wp\/v2\/pages"}],"about":[{"href":"https:\/\/edtalomas-bue.infd.edu.ar\/sitio\/wp-json\/wp\/v2\/types\/page"}],"author":[{"embeddable":true,"href":"https:\/\/edtalomas-bue.infd.edu.ar\/sitio\/wp-json\/wp\/v2\/users\/1"}],"replies":[{"embeddable":true,"href":"https:\/\/edtalomas-bue.infd.edu.ar\/sitio\/wp-json\/wp\/v2\/comments?post=286"}],"version-history":[{"count":102,"href":"https:\/\/edtalomas-bue.infd.edu.ar\/sitio\/wp-json\/wp\/v2\/pages\/286\/revisions"}],"predecessor-version":[{"id":1157,"href":"https:\/\/edtalomas-bue.infd.edu.ar\/sitio\/wp-json\/wp\/v2\/pages\/286\/revisions\/1157"}],"up":[{"embeddable":true,"href":"https:\/\/edtalomas-bue.infd.edu.ar\/sitio\/wp-json\/wp\/v2\/pages\/298"}],"wp:attachment":[{"href":"https:\/\/edtalomas-bue.infd.edu.ar\/sitio\/wp-json\/wp\/v2\/media?parent=286"}],"curies":[{"name":"wp","href":"https:\/\/api.w.org\/{rel}","templated":true}]}}