{"id":2067,"date":"2026-03-13T16:20:31","date_gmt":"2026-03-13T19:20:31","guid":{"rendered":"https:\/\/edtalomas-bue.infd.edu.ar\/sitio\/?page_id=2067"},"modified":"2026-03-13T16:21:03","modified_gmt":"2026-03-13T19:21:03","slug":"docentes","status":"publish","type":"page","link":"https:\/\/edtalomas-bue.infd.edu.ar\/sitio\/docentes\/","title":{"rendered":"DOCENTES"},"content":{"rendered":"\n<p>El procedimiento para la cobertura de pruebas de selecci\u00f3n de docentes de nuestra instituci\u00f3n, se enmarca en la <a href=\"https:\/\/drive.google.com\/drive\/folders\/1ydKMT80zBM90RXV00BmYm0maNw9Xzd8x?usp=sharing\">Resoluci\u00f3n 6179\/25<\/a> de la Direcci\u00f3n General de Cultura y Educaci\u00f3n de la Provincia de Buenos Aires. All\u00ed encontrar\u00e1 todo el material necesario para inscripci\u00f3n.<\/p>\n\n\n\n<p>Todas las coberturas, son difundidas por la <a href=\"https:\/\/sadlomasdezamora.blogspot.com\/\">Secretar\u00eda de Asuntos Docentes<\/a> de Lomas de Zamora, exclusivamente. <\/p>\n\n\n\n<p>Luego de la Evaluaci\u00f3n de T\u00edtulos y Antecedentes por parte del Tribunal Descentralizado, se procede a la entrega de Proyectos, Clase y Entrevista por parte de nuestra instituci\u00f3n. Para la elaboraci\u00f3n de los mismos, ponemos a disposici\u00f3n los planes de cada carrera,  los contenidos, el R\u00e9gimen Acad\u00e9mico Marco y las Modalidades de cursada en el siguiente link: <\/p>\n\n\n\n<p><a href=\"https:\/\/drive.google.com\/drive\/u\/4\/folders\/1Dlr8DP0ajK4PDeA0Rgi9WpMZBqdKfYCL\">MATERIALES PARA CONCURSOS DOCENTES.<\/a> <\/p>\n","protected":false},"excerpt":{"rendered":"<p>El procedimiento para la cobertura de pruebas de selecci\u00f3n de docentes de nuestra instituci\u00f3n, se enmarca en la Resoluci\u00f3n 6179\/25 de la Direcci\u00f3n General de Cultura y Educaci\u00f3n de la Provincia de Buenos Aires. All\u00ed encontrar\u00e1 todo el material necesario para inscripci\u00f3n. Todas las coberturas, son difundidas por la Secretar\u00eda de Asuntos Docentes de Lomas &#8230; <a title=\"DOCENTES\" class=\"read-more\" href=\"https:\/\/edtalomas-bue.infd.edu.ar\/sitio\/docentes\/\" aria-label=\"M\u00e1s en DOCENTES\">[+]<\/a><\/p>\n","protected":false},"author":16,"featured_media":0,"parent":0,"menu_order":0,"comment_status":"closed","ping_status":"closed","template":"","meta":[],"acf":[],"_links":{"self":[{"href":"https:\/\/edtalomas-bue.infd.edu.ar\/sitio\/wp-json\/wp\/v2\/pages\/2067"}],"collection":[{"href":"https:\/\/edtalomas-bue.infd.edu.ar\/sitio\/wp-json\/wp\/v2\/pages"}],"about":[{"href":"https:\/\/edtalomas-bue.infd.edu.ar\/sitio\/wp-json\/wp\/v2\/types\/page"}],"author":[{"embeddable":true,"href":"https:\/\/edtalomas-bue.infd.edu.ar\/sitio\/wp-json\/wp\/v2\/users\/16"}],"replies":[{"embeddable":true,"href":"https:\/\/edtalomas-bue.infd.edu.ar\/sitio\/wp-json\/wp\/v2\/comments?post=2067"}],"version-history":[{"count":2,"href":"https:\/\/edtalomas-bue.infd.edu.ar\/sitio\/wp-json\/wp\/v2\/pages\/2067\/revisions"}],"predecessor-version":[{"id":2070,"href":"https:\/\/edtalomas-bue.infd.edu.ar\/sitio\/wp-json\/wp\/v2\/pages\/2067\/revisions\/2070"}],"wp:attachment":[{"href":"https:\/\/edtalomas-bue.infd.edu.ar\/sitio\/wp-json\/wp\/v2\/media?parent=2067"}],"curies":[{"name":"wp","href":"https:\/\/api.w.org\/{rel}","templated":true}]}}